{"id":30,"date":"2022-06-16T17:54:24","date_gmt":"2022-06-16T17:54:24","guid":{"rendered":"https:\/\/gugatransporte.com\/?page_id=30"},"modified":"2022-06-22T00:00:26","modified_gmt":"2022-06-22T00:00:26","slug":"guga-transporte","status":"publish","type":"page","link":"https:\/\/gugatransporte.com\/","title":{"rendered":"Guga Transporte"},"content":{"rendered":"<style>\/*! elementor - v3.6.6 - 08-06-2022 *\/\nbody.elementor-page .elementor-widget-menu-anchor{margin-bottom:0}<\/style>\n<style>\/*! elementor - v3.6.6 - 08-06-2022 *\/\n.elementor-heading-title{padding:0;margin:0;line-height:1}.elementor-widget-heading .elementor-heading-title[class*=elementor-size-]>a{color:inherit;font-size:inherit;line-height:inherit}.elementor-widget-heading .elementor-heading-title.elementor-size-small{font-size:15px}.elementor-widget-heading .elementor-heading-title.elementor-size-medium{font-size:19px}.elementor-widget-heading .elementor-heading-title.elementor-size-large{font-size:29px}.elementor-widget-heading .elementor-heading-title.elementor-size-xl{font-size:39px}.elementor-widget-heading .elementor-heading-title.elementor-size-xxl{font-size:59px}<\/style>\n<h1>EXPERTOS<BR>EN EL \u00c1REA DE<BR><br \/>\nTRANSPORTE<\/h1>\n<p>\t\t\t<a href=\"#servicios\" role=\"button\"><br \/>\n\t\t\t\t\t\tservicios<br \/>\n\t\t\t\t\t<\/a>\n\t\t\t<link rel=\"stylesheet\" href=\"https:\/\/gugatransporte.com\/wp-content\/plugins\/elementor\/assets\/css\/widget-icon-box.min.css\">\n\t\t\t\t\t\tLl\u00e1manos!\t\t\t\t\t<\/p>\n<p>\n\t\t\t\t\t\tTEL:314.333.8289\t\t\t\t\t<\/p>\n<p>\t\t\t\t\t\tMatriz\t\t\t\t\t<\/p>\n<p>\n\t\t\t\t\t\tManzanillo, Col.\t\t\t\t\t<\/p>\n<p>\t\t\t\t\t\temail\t\t\t\t\t<\/p>\n<p>\n\t\t\t\t\t\tventas@gugatransporte.com\t\t\t\t\t<\/p>\n<h2>NUESTRA MISI\u00d3N<\/h2>\n<h2>TRANSPORTE GUGA<\/h2>\n<style>\/*! elementor - v3.6.6 - 08-06-2022 *\/\n.elementor-widget-divider{--divider-border-style:none;--divider-border-width:1px;--divider-color:#2c2c2c;--divider-icon-size:20px;--divider-element-spacing:10px;--divider-pattern-height:24px;--divider-pattern-size:20px;--divider-pattern-url:none;--divider-pattern-repeat:repeat-x}.elementor-widget-divider .elementor-divider{display:-webkit-box;display:-ms-flexbox;display:flex}.elementor-widget-divider .elementor-divider__text{font-size:15px;line-height:1;max-width:95%}.elementor-widget-divider .elementor-divider__element{margin:0 var(--divider-element-spacing);-ms-flex-negative:0;flex-shrink:0}.elementor-widget-divider .elementor-icon{font-size:var(--divider-icon-size)}.elementor-widget-divider .elementor-divider-separator{display:-webkit-box;display:-ms-flexbox;display:flex;margin:0;direction:ltr}.elementor-widget-divider--view-line_icon .elementor-divider-separator,.elementor-widget-divider--view-line_text .elementor-divider-separator{-webkit-box-align:center;-ms-flex-align:center;align-items:center}.elementor-widget-divider--view-line_icon .elementor-divider-separator:after,.elementor-widget-divider--view-line_icon .elementor-divider-separator:before,.elementor-widget-divider--view-line_text .elementor-divider-separator:after,.elementor-widget-divider--view-line_text .elementor-divider-separator:before{display:block;content:\"\";border-bottom:0;-webkit-box-flex:1;-ms-flex-positive:1;flex-grow:1;border-top:var(--divider-border-width) var(--divider-border-style) var(--divider-color)}.elementor-widget-divider--element-align-left .elementor-divider .elementor-divider-separator>.elementor-divider__svg:first-of-type{-webkit-box-flex:0;-ms-flex-positive:0;flex-grow:0;-ms-flex-negative:100;flex-shrink:100}.elementor-widget-divider--element-align-left .elementor-divider-separator:before{content:none}.elementor-widget-divider--element-align-left .elementor-divider__element{margin-left:0}.elementor-widget-divider--element-align-right .elementor-divider .elementor-divider-separator>.elementor-divider__svg:last-of-type{-webkit-box-flex:0;-ms-flex-positive:0;flex-grow:0;-ms-flex-negative:100;flex-shrink:100}.elementor-widget-divider--element-align-right .elementor-divider-separator:after{content:none}.elementor-widget-divider--element-align-right .elementor-divider__element{margin-right:0}.elementor-widget-divider:not(.elementor-widget-divider--view-line_text):not(.elementor-widget-divider--view-line_icon) .elementor-divider-separator{border-top:var(--divider-border-width) var(--divider-border-style) var(--divider-color)}.elementor-widget-divider--separator-type-pattern{--divider-border-style:none}.elementor-widget-divider--separator-type-pattern.elementor-widget-divider--view-line .elementor-divider-separator,.elementor-widget-divider--separator-type-pattern:not(.elementor-widget-divider--view-line) .elementor-divider-separator:after,.elementor-widget-divider--separator-type-pattern:not(.elementor-widget-divider--view-line) .elementor-divider-separator:before,.elementor-widget-divider--separator-type-pattern:not([class*=elementor-widget-divider--view]) .elementor-divider-separator{width:100%;min-height:var(--divider-pattern-height);-webkit-mask-size:var(--divider-pattern-size) 100%;mask-size:var(--divider-pattern-size) 100%;-webkit-mask-repeat:var(--divider-pattern-repeat);mask-repeat:var(--divider-pattern-repeat);background-color:var(--divider-color);-webkit-mask-image:var(--divider-pattern-url);mask-image:var(--divider-pattern-url)}.elementor-widget-divider--no-spacing{--divider-pattern-size:auto}.elementor-widget-divider--bg-round{--divider-pattern-repeat:round}.rtl .elementor-widget-divider .elementor-divider__text{direction:rtl}<\/style>\n<p>Somos una empresa encargada de proporcionar servicios de transporte de carga eficiente enfocados a la calidad en el servicio buscando siempre la satisfacci\u00f3n de<br \/>nuestros clientes cumpliendo con sus expectativas y requerimientos.<\/p>\n<p>Fomentamos el crecimiento profesional y econ\u00f3mico de nuestros asociados a trav\u00e9s de la capacitaci\u00f3n y desarrollo personal.<\/p>\n<style>\/*! elementor - v3.6.6 - 08-06-2022 *\/\n.elementor-widget-image{text-align:center}.elementor-widget-image a{display:inline-block}.elementor-widget-image a img[src$=\".svg\"]{width:48px}.elementor-widget-image img{vertical-align:middle;display:inline-block}<\/style>\n<p>\t\t\t\t\t\t\t\t\t\t\t\t<img decoding=\"async\" width=\"798\" height=\"1024\" src=\"https:\/\/gugatransporte.com\/wp-content\/uploads\/2022\/06\/Recurso-5@2x-8-798x1024.png\" alt=\"\" loading=\"lazy\" srcset=\"https:\/\/gugatransporte.com\/wp-content\/uploads\/2022\/06\/Recurso-5@2x-8-798x1024.png 798w, https:\/\/gugatransporte.com\/wp-content\/uploads\/2022\/06\/Recurso-5@2x-8-234x300.png 234w, https:\/\/gugatransporte.com\/wp-content\/uploads\/2022\/06\/Recurso-5@2x-8-768x986.png 768w, https:\/\/gugatransporte.com\/wp-content\/uploads\/2022\/06\/Recurso-5@2x-8-1197x1536.png 1197w, https:\/\/gugatransporte.com\/wp-content\/uploads\/2022\/06\/Recurso-5@2x-8.png 1581w\" sizes=\"auto, (max-width: 798px) 100vw, 798px\" \/>\t\t\t\t\t\t\t\t\t\t\t\t\t\t\t<\/p>\n<h1>MANT\u00c9N TU NEGOCIO EN MOVIMIENTO<\/h1>\n<h2>TRANSPORTE<\/h2>\n<h2>SERVICIOS EN DIFERENTES<br \/>\nPUNTOS DEL PA\u00cdS<\/h2>\n<link rel=\"stylesheet\" href=\"https:\/\/gugatransporte.com\/wp-content\/plugins\/elementor\/assets\/css\/widget-icon-list.min.css\">\n<ul>\n<li>\n\t\t\t\t\t\t\t\t\t\tMANZANILLO\n\t\t\t\t\t\t\t\t\t<\/li>\n<li>\n\t\t\t\t\t\t\t\t\t\tVERACRUZ\n\t\t\t\t\t\t\t\t\t<\/li>\n<li>\n\t\t\t\t\t\t\t\t\t\tLAZARO C\u00c1RDENAS\n\t\t\t\t\t\t\t\t\t<\/li>\n<li>\n\t\t\t\t\t\t\t\t\t\tIRAPUATO\n\t\t\t\t\t\t\t\t\t<\/li>\n<li>\n\t\t\t\t\t\t\t\t\t\tADUANA AICDMX\n\t\t\t\t\t\t\t\t\t<\/li>\n<\/ul>\n<p>\t\t[display-map id=&#8217;40&#8217;]<br \/>\n\t\t\t\t\t\tCON DESTINO A TODOS LOS ESTADOS DEL PAIS\t\t\t\t\t<\/p>\n<h2>NUESTROS VALORES<\/h2>\n<h2>\u00bfPOR QUE ELEGIRNOS?<\/h2>\n<p>\t\t\t\t\t\t\t\t\t\t\t\t\t\t\t<img decoding=\"async\" width=\"200\" height=\"178\" src=\"https:\/\/gugatransporte.com\/wp-content\/uploads\/2022\/06\/Recurso-33-8.png\" alt=\"\" loading=\"lazy\" \/><br \/>\n\t\t\t\t\t\t\t\t\t\t\t\t\t\t\t<img decoding=\"async\" width=\"197\" height=\"179\" src=\"https:\/\/gugatransporte.com\/wp-content\/uploads\/2022\/06\/Recurso-30-8.png\" alt=\"\" loading=\"lazy\" \/><br \/>\n\t\t\t\t\t\t\t\t\t\t\t\t\t\t\t<img decoding=\"async\" width=\"198\" height=\"179\" src=\"https:\/\/gugatransporte.com\/wp-content\/uploads\/2022\/06\/Recurso-29-8.png\" alt=\"\" loading=\"lazy\" \/><br \/>\n\t\t\t\t\t\t\t\t\t\t\t\t\t\t\t<img decoding=\"async\" width=\"198\" height=\"178\" src=\"https:\/\/gugatransporte.com\/wp-content\/uploads\/2022\/06\/Recurso-32-8.png\" alt=\"\" loading=\"lazy\" \/><br \/>\n\t\t\t\t\t\t\t\t\t\t\t\t\t\t\t<img decoding=\"async\" width=\"198\" height=\"179\" src=\"https:\/\/gugatransporte.com\/wp-content\/uploads\/2022\/06\/Recurso-31-8.png\" alt=\"\" loading=\"lazy\" \/>\t\t\t\t\t\t\t\t\t\t\t\t\t\t\t<\/p>\n<h2>CONTAMOS CON EQUIPO PARA<\/h2>\n<h2>NUESTROS SERVICIOS<\/h2>\n<style>\/*! elementor - v3.6.6 - 08-06-2022 *\/\n.elementor-widget-image-box .elementor-image-box-content{width:100%}@media (min-width:768px){.elementor-widget-image-box.elementor-position-left .elementor-image-box-wrapper,.elementor-widget-image-box.elementor-position-right .elementor-image-box-wrapper{display:-webkit-box;display:-ms-flexbox;display:flex}.elementor-widget-image-box.elementor-position-right .elementor-image-box-wrapper{text-align:right;-webkit-box-orient:horizontal;-webkit-box-direction:reverse;-ms-flex-direction:row-reverse;flex-direction:row-reverse}.elementor-widget-image-box.elementor-position-left .elementor-image-box-wrapper{text-align:left;-webkit-box-orient:horizontal;-webkit-box-direction:normal;-ms-flex-direction:row;flex-direction:row}.elementor-widget-image-box.elementor-position-top .elementor-image-box-img{margin:auto}.elementor-widget-image-box.elementor-vertical-align-top .elementor-image-box-wrapper{-webkit-box-align:start;-ms-flex-align:start;align-items:flex-start}.elementor-widget-image-box.elementor-vertical-align-middle .elementor-image-box-wrapper{-webkit-box-align:center;-ms-flex-align:center;align-items:center}.elementor-widget-image-box.elementor-vertical-align-bottom .elementor-image-box-wrapper{-webkit-box-align:end;-ms-flex-align:end;align-items:flex-end}}@media (max-width:767px){.elementor-widget-image-box .elementor-image-box-img{margin-left:auto!important;margin-right:auto!important;margin-bottom:15px}}.elementor-widget-image-box .elementor-image-box-img{display:inline-block}.elementor-widget-image-box .elementor-image-box-title a{color:inherit}.elementor-widget-image-box .elementor-image-box-wrapper{text-align:center}.elementor-widget-image-box .elementor-image-box-description{margin:0}<\/style>\n<figure><img decoding=\"async\" width=\"500\" height=\"334\" src=\"https:\/\/gugatransporte.com\/wp-content\/uploads\/2022\/06\/Sin-titulo-1.jpg\" alt=\"\" loading=\"lazy\" \/><\/figure>\n<p>Servicio en unidades cami\u00f3n rab\u00f3n y camionetas cajas secas.<\/p>\n<figure><img decoding=\"async\" width=\"1920\" height=\"1280\" src=\"https:\/\/gugatransporte.com\/wp-content\/uploads\/2022\/06\/pickawood-6tAIO3pxde4-unsplash-1.jpg\" alt=\"\" loading=\"lazy\" \/><\/figure>\n<p>Servicio de Almac\u00e9n y <br \/>\nManiobras <\/p>\n<figure><img decoding=\"async\" width=\"500\" height=\"334\" src=\"https:\/\/gugatransporte.com\/wp-content\/uploads\/2022\/06\/1.jpg\" alt=\"\" loading=\"lazy\" \/><\/figure>\n<p>Servicio de contenedores en full y sencillo para carga general.<\/p>\n<figure><img decoding=\"async\" width=\"500\" height=\"334\" src=\"https:\/\/gugatransporte.com\/wp-content\/uploads\/2022\/06\/2.jpg\" alt=\"\" loading=\"lazy\" \/><\/figure>\n<p>Servicio de carga suelta en Consolidado no urgentes. <\/p>\n<p>\t\t\t\t\t\t\t\t\t\t\t\t\t\t\t<img decoding=\"async\" width=\"640\" height=\"853\" src=\"https:\/\/gugatransporte.com\/wp-content\/uploads\/2022\/06\/aron-yigin-sNY6B9NsPP8-unsplash.jpg\" alt=\"\" loading=\"lazy\" srcset=\"https:\/\/gugatransporte.com\/wp-content\/uploads\/2022\/06\/aron-yigin-sNY6B9NsPP8-unsplash.jpg 640w, https:\/\/gugatransporte.com\/wp-content\/uploads\/2022\/06\/aron-yigin-sNY6B9NsPP8-unsplash-225x300.jpg 225w\" sizes=\"auto, (max-width: 640px) 100vw, 640px\" \/>\t\t\t\t\t\t\t\t\t\t\t\t\t\t\t<\/p>\n<h2>TRANSPORTES GUGA<\/h2>\n<h2>VALOR AGREGADO<\/h2>\n<ul>\n<li>Agilidad en el servicio.<\/li>\n<li>Seguimiento constante las 24 horas los 365 d\u00edas del a\u00f1o.<\/li>\n<li>Atenci\u00f3n personalizada.<\/li>\n<li>Respuesta inmediata.<\/li>\n<li>Integraci\u00f3n completa con su log\u00edstica.<\/li>\n<li>Rastreo de unidades las 24 hrs los 365 d\u00edas del a\u00f1o.<\/li>\n<\/ul>\n<style>\/*! elementor - v3.6.6 - 08-06-2022 *\/\n.elementor-widget-google_maps .elementor-widget-container{overflow:hidden}.elementor-widget-google_maps iframe{height:300px}<\/style>\n<p>\t\t\t<iframe frameborder=\"0\" scrolling=\"no\" marginheight=\"0\" marginwidth=\"0\"\n\t\t\t\t\tsrc=\"https:\/\/maps.google.com\/maps?q=ESTRELLA%20DE%20MAR%2023&#038;t=m&#038;z=18&#038;output=embed&#038;iwloc=near\"\n\t\t\t\t\ttitle=\"ESTRELLA DE MAR 23\"\n\t\t\t\t\taria-label=\"ESTRELLA DE MAR 23\"\n\t\t\t><\/iframe><\/p>\n<h4>Contacto<\/h4>\n<p>\t\t\tmATRIZ\t\t<\/p>\n<p><strong>Manzanillo<\/strong><br \/>Estrella de Mar #23 Int 1, Villa Flamingos<br \/>Manzanillo, Col. C.P. 28869, M\u00e9xico.<\/p>\n<p>\t\t\tEncu\u00e9ntranos\t\t<\/p>\n<p>Tel\u00e9fonos: <a href=\"http:\/\/TEL:3143338289\" data-wplink-url-error=\"true\">(314) 333 8289<\/a><\/p>\n<p>Email :\u00a0<br \/><a href=\"mailto:ventas@gugatransporte.com\">ventas@gugatransporte.com<\/a><\/p>\n<p>\t\t\tOFICINAS\t\t<\/p>\n<p>M\u00e9xico.<br \/>Tel\u00e9fono: <a href=\"tel:5579235523\">(55) 792 355 23<\/a><\/p>\n<p>Irapuato, Guanajuato.<br \/>Tel\u00e9fono: <a href=\"tel:5546188044\">(55) 461 880 44<\/a><\/p>\n<p>\t\t\tServicios en\t\t<\/p>\n<p>MANZANILLO<br \/>L\u00c1ZARO C\u00c1RDENAS<br \/>CDMX<br \/>VERACRUZ<br \/>IRAPUATO, GUANAJUATO<\/p>\n<h2>TIENES ALGUNA DUDA O SUGERENCIA?<\/h2>\n<h2>ENVIANOS UN MENSAJE<br \/>\u00a1ES F\u00c1CIL!<\/h2>\n<p>\t\t[wpforms id=\u00bb158&#8243; title=\u00bbfalse\u00bb description=\u00bbfalse\u00bb]<br \/>\n\t\t\t\t\t\t\t\t\t\t\t\t\t\t\t<img decoding=\"async\" width=\"179\" height=\"53\" src=\"https:\/\/gugatransporte.com\/wp-content\/uploads\/2022\/06\/Recurso-9-8-124x37.png\" alt=\"\" loading=\"lazy\" srcset=\"https:\/\/gugatransporte.com\/wp-content\/uploads\/2022\/06\/Recurso-9-8.png 179w, https:\/\/gugatransporte.com\/wp-content\/uploads\/2022\/06\/Recurso-9-8-124x37.png 124w\" sizes=\"auto, (max-width: 179px) 100vw, 179px\" \/>\t\t\t\t\t\t\t\t\t\t\t\t\t\t\t<\/p>\n<p>Fomentamos el crecimiento profesional y econ\u00f3mico de nuestros asociados a trav\u00e9s de la capacitaci\u00f3n y desarrollo personal.<\/p>\n<p>\t\t\t<a href=\"#inicio\" role=\"button\"><br \/>\n\t\t\t\t\t\tVolver al inicio<br \/>\n\t\t\t\t\t<\/a><\/p>\n","protected":false},"excerpt":{"rendered":"<p>EXPERTOSEN EL \u00c1REA DE TRANSPORTE servicios Ll\u00e1manos! TEL:314.333.8289 Matriz Manzanillo, Col. email ventas@gugatransporte.com NUESTRA MISI\u00d3N TRANSPORTE GUGA Somos una empresa encargada de proporcionar servicios de transporte de carga eficiente enfocados a la calidad en el servicio buscando siempre la satisfacci\u00f3n denuestros clientes cumpliendo con sus expectativas y requerimientos. Fomentamos el crecimiento profesional y econ\u00f3mico de [&hellip;]<\/p>\n","protected":false},"author":1,"featured_media":0,"parent":0,"menu_order":0,"comment_status":"closed","ping_status":"closed","template":"","meta":{"site-sidebar-layout":"no-sidebar","site-content-layout":"page-builder","ast-site-content-layout":"default","site-content-style":"default","site-sidebar-style":"default","ast-global-header-display":"","ast-banner-title-visibility":"","ast-main-header-display":"","ast-hfb-above-header-display":"","ast-hfb-below-header-display":"","ast-hfb-mobile-header-display":"","site-post-title":"disabled","ast-breadcrumbs-content":"","ast-featured-img":"disabled","footer-sml-layout":"","theme-transparent-header-meta":"","adv-header-id-meta":"","stick-header-meta":"","header-above-stick-meta":"","header-main-stick-meta":"","header-below-stick-meta":"","astra-migrate-meta-layouts":"default","ast-page-background-enabled":"default","ast-page-background-meta":{"desktop":{"background-color":"var(--ast-global-color-4)","background-image":"","background-repeat":"repeat","background-position":"center center","background-size":"auto","background-attachment":"scroll","background-type":"","background-media":"","overlay-type":"","overlay-color":"","overlay-opacity":"","overlay-gradient":""},"tablet":{"background-color":"","background-image":"","background-repeat":"repeat","background-position":"center center","background-size":"auto","background-attachment":"scroll","background-type":"","background-media":"","overlay-type":"","overlay-color":"","overlay-opacity":"","overlay-gradient":""},"mobile":{"background-color":"","background-image":"","background-repeat":"repeat","background-position":"center center","background-size":"auto","background-attachment":"scroll","background-type":"","background-media":"","overlay-type":"","overlay-color":"","overlay-opacity":"","overlay-gradient":""}},"ast-content-background-meta":{"desktop":{"background-color":"var(--ast-global-color-5)","background-image":"","background-repeat":"repeat","background-position":"center center","background-size":"auto","background-attachment":"scroll","background-type":"","background-media":"","overlay-type":"","overlay-color":"","overlay-opacity":"","overlay-gradient":""},"tablet":{"background-color":"var(--ast-global-color-5)","background-image":"","background-repeat":"repeat","background-position":"center center","background-size":"auto","background-attachment":"scroll","background-type":"","background-media":"","overlay-type":"","overlay-color":"","overlay-opacity":"","overlay-gradient":""},"mobile":{"background-color":"var(--ast-global-color-5)","background-image":"","background-repeat":"repeat","background-position":"center center","background-size":"auto","background-attachment":"scroll","background-type":"","background-media":"","overlay-type":"","overlay-color":"","overlay-opacity":"","overlay-gradient":""}},"footnotes":""},"class_list":["post-30","page","type-page","status-publish","hentry"],"_links":{"self":[{"href":"https:\/\/gugatransporte.com\/index.php\/wp-json\/wp\/v2\/pages\/30","targetHints":{"allow":["GET"]}}],"collection":[{"href":"https:\/\/gugatransporte.com\/index.php\/wp-json\/wp\/v2\/pages"}],"about":[{"href":"https:\/\/gugatransporte.com\/index.php\/wp-json\/wp\/v2\/types\/page"}],"author":[{"embeddable":true,"href":"https:\/\/gugatransporte.com\/index.php\/wp-json\/wp\/v2\/users\/1"}],"replies":[{"embeddable":true,"href":"https:\/\/gugatransporte.com\/index.php\/wp-json\/wp\/v2\/comments?post=30"}],"version-history":[{"count":101,"href":"https:\/\/gugatransporte.com\/index.php\/wp-json\/wp\/v2\/pages\/30\/revisions"}],"predecessor-version":[{"id":195,"href":"https:\/\/gugatransporte.com\/index.php\/wp-json\/wp\/v2\/pages\/30\/revisions\/195"}],"wp:attachment":[{"href":"https:\/\/gugatransporte.com\/index.php\/wp-json\/wp\/v2\/media?parent=30"}],"curies":[{"name":"wp","href":"https:\/\/api.w.org\/{rel}","templated":true}]}}